{"id":808,"date":"2022-01-27T09:39:23","date_gmt":"2022-01-27T08:39:23","guid":{"rendered":"https:\/\/wolfram.laborumgebung.de\/company\/career\/cnc-fachkraft-m-w-d\/"},"modified":"2025-01-29T09:00:41","modified_gmt":"2025-01-29T08:00:41","slug":"cnc-specialist-m-f-d","status":"publish","type":"page","link":"https:\/\/wolfram.laborumgebung.de\/en\/company\/career\/cnc-specialist-m-f-d\/","title":{"rendered":"CNC specialist  (m\/f\/d) &#8211; Dachau location"},"content":{"rendered":"\n    <section class=\"img-text-combi-produkt header  \" style=\"background-image: linear-gradient(rgba(0,0,0,0)), url('https:\/\/wolfram.laborumgebung.de\/wp-content\/uploads\/2023\/06\/wolfram-industrie-unternehmen-karriere-3.jpg'); position: relative;\">\n\t\t<article>\n\t\t        \n\t\t\t <div class=\"rhombus bg-green\">\n\t\t\t\t<div class=\"inner-rhombus\">\n\t\t\t\t<\/div>\n\t\t\t<\/div>\n\t\t\t<div class=\"rhombus-hero\">\t\n\t\t\t\t<div class=\"hero anim anim-left\">\n\t\t\t\t\t<h1>CNC Specialist (m\/f\/d)<br \/>\r\nDachau location<\/h1>\n\t\t\t\t\t<p>Quality Requires Precision<\/p>\n\t\t    \t<\/div>\t\t\t\n        \t<\/div>\n\t\t\n\t\t\t\t<\/article>\n    <\/section>\n\n\n\n<div class=\"breadcrumbs align bg-grey wp-block-bcn-breadcrumb-trail has-text-color has-background\" vocab=\"https:\/\/schema.org\/\" typeof=\"BreadcrumbList\">\n\t<span><\/span>\n\t<span property=\"itemListElement\" typeof=\"ListItem\"><a property=\"item\" typeof=\"WebPage\" title=\"Go to Service- und Qualit\u00e4tsmarktf\u00fchrer f\u00fcr Wolfram - More than just Tungsten.\" href=\"https:\/\/wolfram.laborumgebung.de\/en\/\" class=\"home\" aria-current=\"page\"><span property=\"name\">Service- und Qualit\u00e4tsmarktf\u00fchrer f\u00fcr Wolfram &#8211; More than just Tungsten<\/span><\/a><meta property=\"position\" content=\"1\"><\/span><\/div>\n\n\n\n\n\n        <section class=\"text-info-col-2 intro bg-grey\">\n\t\t\t<article>\t\t\t\t\n\t\t\t\t\t  \t\t<div class=\"col-8 fullwidth\">\n\t\t\t\t\t<div class=\"produkt-text\">\n\t\t\t\t\t\t<p>Wolfram Industrie is the specialist in the development and production of tungsten-based products. Our international customers seek innovative solutions for complex requirements and especially values our commitment to product quality. Our products consistently deliver the right properties for challenging applications.<\/p>\n<p>We want to continue meeting this high standard of quality and remain the market leader. To achieve this, we are currently looking for a <strong>CNC Specialist<\/strong> (M\/F\/D) to <strong>join our team in mechanical manufacturing<\/strong> on a full-time basis at our <strong>Dachau<\/strong> location, for <strong>permanent employment<\/strong>.<\/p>\n                    <\/div>\t\t\t\t\t\n\t\t\t\t<\/div>\t\n\t\t\t\t\t\t\t\n\t\t\t\t\n\t\t\t\t\t<\/article>\n\t\t<\/section>\n\n\n     <section class=\"img-info-col-2  \">\n\t\t<article>\n\t\t\t\t\t\t<div class=\"col-2\">\n\t\t\t\t\t            <div class=\"img\">\n                                            <img decoding=\"async\" src=\"https:\/\/wolfram.laborumgebung.de\/wp-content\/uploads\/2024\/08\/wolfram-industrie-karriere-cnc-fachkraft-dachau.jpg\" alt=\"Wolfram Industrie CNC Fachkraft Dachau\" \/>\n                                                    \t\t\t\t\t\n\t\t\t\t<\/div>\t\t\t\t\t\n            <\/div>\n\t\t\t<div class=\"col-2\">\n\t\t\t\t<div class=\"info\">\n\t\t\t\t\t<h2>Your Responsibilities:<\/h2>\n<ul>\n<li><strong>Quality Management:<\/strong> You will meticulously implement the specifications of our QM manual, helping to ensure product quality.<\/li>\n<li><strong>Technical Implementation:<\/strong> You will read production orders and technical drawings and execute them reliably.<\/li>\n<li><strong>Machine Operation:<\/strong> You will load processing machines\u2014such as multi-axis and\/or multi-spindle machines\u2014with the necessary materials, start the machine run, and monitor the production process.<\/li>\n<li><strong>Setup and Adjustment:<\/strong> You will prepare parts and materials, set the specified parameters according to the setup plan, and produce a sample part for approval. If necessary, you will make corrections to dimensions and cutting values.<\/li>\n<li><strong>Troubleshooting:<\/strong> You will respond quickly to malfunctions, either resolving them independently or initiating necessary repairs.<\/li>\n<li><strong>Tool Handling:<\/strong> You will perform tool changes, adjust tools according to specifications, and set up machines for series production.<\/li>\n<li><strong>Quality Inspection:<\/strong> You will check the manufactured parts for dimensional accuracy and completeness using simple measuring tools and documentation. You will also document measurement results and ensure that defective parts are sorted out or reworked.<\/li>\n<li><strong>Maintenance and Cleaning:<\/strong> You will carry out regular maintenance and cleaning tasks according to the plan and ensure the smooth operation of the machines.<\/li>\n<\/ul>\n\t\t\t\t<\/div>\n\t\t\t<\/div>\n        <\/article>\n    <\/section>\n\n     <section class=\"img-info-col-2  \">\n\t\t<article>\n\t\t\t\t\t\t<div class=\"col-2\">\n\t\t\t\t\t            <div class=\"img\">\n                                            <img decoding=\"async\" src=\"https:\/\/wolfram.laborumgebung.de\/wp-content\/uploads\/2023\/05\/wolfram-industrie-home-2-1-1-1.jpg\" alt=\"\" \/>\n                                                    \t\t\t\t\t\n\t\t\t\t<\/div>\t\t\t\t\t\n            <\/div>\n\t\t\t<div class=\"col-2\">\n\t\t\t\t<div class=\"info\">\n\t\t\t\t\t<h2>Your Expertise:<\/h2>\n<p>To ensure smooth mechanical production, we expect you to have:<\/p>\n<ul>\n<li>Completed <strong>vocational training<\/strong> in metalworking, preferably as a cutting machine operator or with a comparable qualification.<\/li>\n<li>Several years of <strong>professional experience<\/strong> in CNC machining and basic knowledge of CNC control <strong>programming<\/strong> are desirable.<\/li>\n<li>Proficiency in using <strong>measuring tools<\/strong> and a <strong>meticulous work style<\/strong> are important to us.<\/li>\n<li><strong>Good German language<\/strong> skills, both spoken and written.<\/li>\n<li>Willingness to <strong>work in shifts<\/strong>. We count on your reliability and sense of responsibility. Overall, we promote teamwork, good communication, and punctuality.<\/li>\n<\/ul>\n\t\t\t\t<\/div>\n\t\t\t<\/div>\n        <\/article>\n    <\/section>\n\n\n    <section class=\"zitat withsvg\">\n\t\t<article>\n\t\t\t\t\t\t\t<div class=\"flex-item centered\">\n\t\t\t\t  <div class=\"col-3\">\n\t\t\t\t\t<svg class=\"anim anim-left\" version=\"1.1\" viewBox=\"0 0 603.89 221.67\" xml:space=\"preserve\" xmlns=\"http:\/\/www.w3.org\/2000\/svg\">\n\t\t\t\t\t  <g id=\"start_raute\" transform=\"translate(-67.887 -88.673)\">\n\t\t\t\t\t\t<path d=\"m405.9 307.4-332.3 0.8 250.7-217.4 341.6 0.6z\"><\/path>\n\t\t\t\t\t  <\/g>\n\t\t\t\t\t  <\/svg>\n\t\t\t\t  <\/div>\n\t\t\t\t   <div class=\"col-2\">\n\t\t\t\t\t<div class=\"zitat-inner anim anim-left\">\n\t\t\t\t\t  &#8220;We want people who take action, understand their role, and know that they are a crucial part of the entire production process, enabling us to supply our customers worldwide with products that drive visions forward.&#8221;\t\t\t\t\t\t\t\t\t\t<\/div>\n\t\t\t\t  <\/div>\n\t\t\t\t<\/div>\n\t\t\t        <\/article>\n    <\/section>\n\n     <section class=\"img-info-col-2  \">\n\t\t<article>\n\t\t\t\t\t\t<div class=\"col-2\">\n\t\t\t\t\t            <div class=\"img\">\n                                            <img decoding=\"async\" src=\"https:\/\/wolfram.laborumgebung.de\/wp-content\/uploads\/2024\/08\/wolfram-industrie-cnc-fachkraft-karriere.jpg\" alt=\"Wolfram Industrie CNC Fachkraft Standort Dachau\" \/>\n                                                    \t\t\t\t\t\n\t\t\t\t<\/div>\t\t\t\t\t\n            <\/div>\n\t\t\t<div class=\"col-2\">\n\t\t\t\t<div class=\"info\">\n\t\t\t\t\t<h2>Your Benefits:<\/h2>\n<ul>\n<li><strong>Job Security:<\/strong> With 120 years of company history and market leadership in the international market, Wolfram Industrie offers a secure future of employment.<\/li>\n<li><strong>Personal Development:<\/strong> After your onboarding, we encourage your professional development if you wish. You can advance to become a technician or trainer, or take advantage of training to delve into new areas.<\/li>\n<li><strong>Collegial Environment:<\/strong> Work in a team-oriented environment with flat hierarchies and direct communication channels.<\/li>\n<li><strong>Varied Tasks:<\/strong> You can expect a range of activities in a modern manufacturing environment.<\/li>\n<li><strong>Additional Benefits:<\/strong> We offer comprehensive health services, mobility subsidies, and many other perks such as EGYM Wellpass, JobRad, private supplementary health insurance, and subsidies for childcare and retirement planning.<\/li>\n<\/ul>\n\t\t\t\t<\/div>\n\t\t\t<\/div>\n        <\/article>\n    <\/section>\n\n     <section class=\"img-info-col-2  \">\n\t\t<article>\n\t\t\t\t\t\t<div class=\"col-2\">\n\t\t\t\t\t            <div class=\"img\">\n                                            <img decoding=\"async\" src=\"https:\/\/wolfram.laborumgebung.de\/wp-content\/uploads\/2024\/04\/Maehrlein_Wolfram_Industrie___2023_08_027467-scaled-e1713428501869.jpg\" alt=\"Wolfram Industrie Stephanie M\u00e4hrlein\" \/>\n                                                    \t\t\t\t\t\n\t\t\t\t<\/div>\t\t\t\t\t\n            <\/div>\n\t\t\t<div class=\"col-2\">\n\t\t\t\t<div class=\"info\">\n\t\t\t\t\t<h2>Does this sound like you?<\/h2>\n<p>Great! Apply now via our online form or ask our HR consultant Stephanie M\u00e4hrlein your questions. Just call Steffi at at +49 (0)8669 7899110 or send her an <a href=\"mailto:maehrlein@wolfram-industrie.de\">email<\/a>.<\/p>\n\t\t\t\t<\/div>\n\t\t\t<\/div>\n        <\/article>\n    <\/section>\n\n\n\n\n        <section class=\"text-info-col-2 intro bg-grey\">\n\t\t\t<article>\t\t\t\t\n\t\t\t\t\t  \t\t<div class=\"col-8 fullwidth\">\n\t\t\t\t\t<div class=\"produkt-text\">\n\t\t\t\t\t\t<h2>Please fill out the form below.<\/h2>\n\n<div class=\"wpcf7 no-js\" id=\"wpcf7-f4789-o1\" lang=\"en-US\" dir=\"ltr\" data-wpcf7-id=\"4789\">\n<div class=\"screen-reader-response\"><p role=\"status\" aria-live=\"polite\" aria-atomic=\"true\"><\/p> <ul><\/ul><\/div>\n<form action=\"\/en\/wp-json\/wp\/v2\/pages\/808#wpcf7-f4789-o1\" method=\"post\" class=\"wpcf7-form init wpcf7-acceptance-as-validation\" aria-label=\"Contact form\" enctype=\"multipart\/form-data\" novalidate=\"novalidate\" data-status=\"init\">\n<fieldset class=\"hidden-fields-container\"><input type=\"hidden\" name=\"_wpcf7\" value=\"4789\" \/><input type=\"hidden\" name=\"_wpcf7_version\" value=\"6.1.5\" \/><input type=\"hidden\" name=\"_wpcf7_locale\" value=\"en_US\" \/><input type=\"hidden\" name=\"_wpcf7_unit_tag\" value=\"wpcf7-f4789-o1\" \/><input type=\"hidden\" name=\"_wpcf7_container_post\" value=\"0\" \/><input type=\"hidden\" name=\"_wpcf7_posted_data_hash\" value=\"\" \/><input type=\"hidden\" name=\"_wpcf7dtx_version\" value=\"5.0.5\" \/>\n<\/fieldset>\n<p>Many thanks for your interest in our company.\n<\/p>\n<p>The information you provide will help us to process your application quickly!<br \/>\nYou can fill in the form quickly and easily.\n<\/p>\n<p><label>Application as*<\/label><span class=\"wpcf7-form-control-wrap stelle\" data-name=\"stelle\"><input type=\"text\" name=\"stelle\" class=\"wpcf7-form-control wpcf7-text wpcf7dtx wpcf7dtx-text\" aria-invalid=\"false\" required=\"required\" readonly=\"readonly\" value=\"CNC specialist (m\/f\/d) - Dachau location\"><\/span>\n<\/p>\n<p><label> Surname, name*<\/label><span class=\"wpcf7-form-control-wrap\" data-name=\"namen\"><input size=\"40\" maxlength=\"400\" class=\"wpcf7-form-control wpcf7-text wpcf7-validates-as-required\" aria-required=\"true\" aria-invalid=\"false\" value=\"\" type=\"text\" name=\"namen\" \/><\/span>\n<\/p>\n<p><label> Email address*<\/label><span class=\"wpcf7-form-control-wrap\" data-name=\"email\"><input size=\"40\" maxlength=\"400\" class=\"wpcf7-form-control wpcf7-email wpcf7-validates-as-required wpcf7-text wpcf7-validates-as-email\" aria-required=\"true\" aria-invalid=\"false\" value=\"\" type=\"email\" name=\"email\" \/><\/span>\n<\/p>\n<p><label> Message*<\/label><span class=\"wpcf7-form-control-wrap\" data-name=\"nachricht\"><textarea cols=\"40\" rows=\"10\" maxlength=\"2000\" class=\"wpcf7-form-control wpcf7-textarea wpcf7-validates-as-required\" aria-required=\"true\" aria-invalid=\"false\" name=\"nachricht\"><\/textarea><\/span>\n<\/p>\n<p><label> Upload cover letter<\/label><span class=\"wpcf7-form-control-wrap\" data-name=\"anschreiben\"><input size=\"40\" class=\"wpcf7-form-control wpcf7-file\" accept=\".pdf,.jpg,.jpeg,.png,.doc,.docx\" aria-invalid=\"false\" type=\"file\" name=\"anschreiben\" \/><\/span>\n<\/p>\n<p><label> Upload resume*<\/label><span class=\"wpcf7-form-control-wrap\" data-name=\"lebenslauf\"><input size=\"40\" class=\"wpcf7-form-control wpcf7-file wpcf7-validates-as-required\" accept=\".pdf,.jpg,.jpeg,.png,.doc,.docx\" aria-required=\"true\" aria-invalid=\"false\" type=\"file\" name=\"lebenslauf\" \/><\/span>\n<\/p>\n<p><label> Upload certificates\/references<\/label><span class=\"wpcf7-form-control-wrap\" data-name=\"zeugnisse\"><input size=\"40\" class=\"wpcf7-form-control wpcf7-file\" accept=\".pdf,.jpg,.jpeg,.png,.doc,.docx\" aria-invalid=\"false\" type=\"file\" name=\"zeugnisse\" \/><\/span>\n<\/p>\n<p>Your data will be treated confidentially. It will not be passed on to third parties.\n<\/p>\n<p>Please note the max. upload size of 4MB per file.\n<\/p>\n<p>Security: Your data is transmitted by a secure encryption process (SSL) and cannot be read by third parties.\n<\/p>\n<p><span class=\"wpcf7-form-control-wrap\" data-name=\"acceptance-data\"><span class=\"wpcf7-form-control wpcf7-acceptance\"><span class=\"wpcf7-list-item\"><label><input type=\"checkbox\" name=\"acceptance-data\" value=\"1\" aria-invalid=\"false\" \/><span class=\"wpcf7-list-item-label\">I acknowledge the <a target='_blank' href='\/en\/privacy-policy\/'>data protection policy<\/a> of Gesellschaft f\u00fcr Wolfram Industrie mbH.<\/span><\/label><\/span><\/span><\/span>\n<\/p>\n<p><input class=\"wpcf7-form-control wpcf7-submit has-spinner send\" type=\"submit\" value=\"Send\" \/>\n<\/p>\n<div class=\"clear\">\n<\/div><div class=\"wpcf7-response-output\" aria-hidden=\"true\"><\/div>\n<\/form>\n<\/div>\n\n                    <\/div>\t\t\t\t\t\n\t\t\t\t<\/div>\t\n\t\t\t\t\t\t\t\n\t\t\t\t\n\t\t\t\t\t<\/article>\n\t\t<\/section>\n","protected":false},"excerpt":{"rendered":"","protected":false},"author":5,"featured_media":0,"parent":797,"menu_order":0,"comment_status":"closed","ping_status":"closed","template":"","meta":{"_acf_changed":false,"footnotes":""},"class_list":["post-808","page","type-page","status-publish","hentry"],"acf":[],"_links":{"self":[{"href":"https:\/\/wolfram.laborumgebung.de\/en\/wp-json\/wp\/v2\/pages\/808","targetHints":{"allow":["GET"]}}],"collection":[{"href":"https:\/\/wolfram.laborumgebung.de\/en\/wp-json\/wp\/v2\/pages"}],"about":[{"href":"https:\/\/wolfram.laborumgebung.de\/en\/wp-json\/wp\/v2\/types\/page"}],"author":[{"embeddable":true,"href":"https:\/\/wolfram.laborumgebung.de\/en\/wp-json\/wp\/v2\/users\/5"}],"replies":[{"embeddable":true,"href":"https:\/\/wolfram.laborumgebung.de\/en\/wp-json\/wp\/v2\/comments?post=808"}],"version-history":[{"count":14,"href":"https:\/\/wolfram.laborumgebung.de\/en\/wp-json\/wp\/v2\/pages\/808\/revisions"}],"predecessor-version":[{"id":6491,"href":"https:\/\/wolfram.laborumgebung.de\/en\/wp-json\/wp\/v2\/pages\/808\/revisions\/6491"}],"up":[{"embeddable":true,"href":"https:\/\/wolfram.laborumgebung.de\/en\/wp-json\/wp\/v2\/pages\/797"}],"wp:attachment":[{"href":"https:\/\/wolfram.laborumgebung.de\/en\/wp-json\/wp\/v2\/media?parent=808"}],"curies":[{"name":"wp","href":"https:\/\/api.w.org\/{rel}","templated":true}]}}