{"id":6171,"date":"2024-08-01T15:01:35","date_gmt":"2024-08-01T13:01:35","guid":{"rendered":"https:\/\/wolfram-industrie.de\/?page_id=6171"},"modified":"2024-08-02T13:52:50","modified_gmt":"2024-08-02T11:52:50","slug":"it-specialist-m-f-d","status":"publish","type":"page","link":"https:\/\/wolfram.laborumgebung.de\/en\/company\/career\/it-specialist-m-f-d\/","title":{"rendered":"IT Specialist (m\/f\/d)"},"content":{"rendered":"\n    <section class=\"img-text-combi-produkt header  \" style=\"background-image: linear-gradient(rgba(0,0,0,0)), url('https:\/\/wolfram.laborumgebung.de\/wp-content\/uploads\/2023\/06\/wolfram-industrie-unternehmen-standorte.jpg'); position: relative;\">\n\t\t<article>\n\t\t        \n\t\t\t <div class=\"rhombus bg-green\">\n\t\t\t\t<div class=\"inner-rhombus\">\n\t\t\t\t<\/div>\n\t\t\t<\/div>\n\t\t\t<div class=\"rhombus-hero\">\t\n\t\t\t\t<div class=\"hero anim anim-left\">\n\t\t\t\t\t<h1>IT Specialist (m\/f\/d)<\/h1>\n\t\t\t\t\t<p>Future-Proof with Strategic IT, Digital Process Optimisation, and Innovation Management<\/p>\n\t\t    \t<\/div>\t\t\t\n        \t<\/div>\n\t\t\n\t\t\t\t<\/article>\n    <\/section>\n\n\n\n<div class=\"breadcrumbs align  wp-block-bcn-breadcrumb-trail has-text-color has-background\" vocab=\"https:\/\/schema.org\/\" typeof=\"BreadcrumbList\">\n\t<span><\/span>\n\t<span property=\"itemListElement\" typeof=\"ListItem\"><a property=\"item\" typeof=\"WebPage\" title=\"Go to Service- und Qualit\u00e4tsmarktf\u00fchrer f\u00fcr Wolfram - More than just Tungsten.\" href=\"https:\/\/wolfram.laborumgebung.de\/en\/\" class=\"home\" aria-current=\"page\"><span property=\"name\">Service- und Qualit\u00e4tsmarktf\u00fchrer f\u00fcr Wolfram &#8211; More than just Tungsten<\/span><\/a><meta property=\"position\" content=\"1\"><\/span><\/div>\n\n\n\n\n\n        <section class=\"text-info-col-2 intro \">\n\t\t\t<article>\t\t\t\t\n\t\t\t\t\t  \t\t<div class=\"col-8 fullwidth\">\n\t\t\t\t\t<div class=\"produkt-text\">\n\t\t\t\t\t\t<p>Wolfram Industrie is the specialist in the development and manufacture of tungsten-based products. Our international clientele requires innovative solutions for complex requirements. They particularly appreciate our commitment to responding to their needs with stable IT systems and AI-driven solutions.<\/p>\n<p>To ensure our clients continue to receive reliable support and that our IT infrastructure meets current standards, we are now seeking a <strong>proactive IT Specialist (m\/f\/d) to work across multiple locations and in full-time permanent employment<\/strong>.<\/p>\n                    <\/div>\t\t\t\t\t\n\t\t\t\t<\/div>\t\n\t\t\t\t\t\t\t\n\t\t\t\t\n\t\t\t\t\t<\/article>\n\t\t<\/section>\n\n\n     <section class=\"img-info-col-2  \">\n\t\t<article>\n\t\t\t\t\t\t<div class=\"col-2\">\n\t\t\t\t\t            <div class=\"img\">\n                                            <img decoding=\"async\" src=\"https:\/\/wolfram.laborumgebung.de\/wp-content\/uploads\/2024\/04\/wolfram-industrie-karriere-job-bewerbung-3.jpg\" alt=\"Wolfram Industrie Karriere und Ausbildung\" \/>\n                                                    \t\t\t\t\t\n\t\t\t\t<\/div>\t\t\t\t\t\n            <\/div>\n\t\t\t<div class=\"col-2\">\n\t\t\t\t<div class=\"info\">\n\t\t\t\t\t<h2>Your Responsibilities<\/h2>\n<p><strong>Strategy and Organisation<\/strong>: You will be responsible for the continuous adjustment of the IT strategy and the forward-looking realignment of our IT organisation, including the integration of AI technologies.<\/p>\n<p><strong>IT Infrastructure<\/strong>: You will plan, implement, operate, and develop our IT landscape, ensuring the availability, performance, and security of all networks, systems, and applications, including the implementation of AI-driven security solutions.<\/p>\n<p><strong>Process Optimisation<\/strong>: In close collaboration with other departments, you will determine realistic requirements and develop solutions for optimised business processes up to AI-based process automation.<\/p>\n<p><strong>Digitalisation<\/strong>: As a pioneer for digital transformation, you will set our digitalisation strategy and manage cross-location digitalisation initiatives.<\/p>\n<p><strong>Project Portfolio Management<\/strong>: You will plan and coordinate multiple IT projects across locations and implement AI tools for efficient project management.<\/p>\n<p><strong>Budget and Resource Management<\/strong>: You will be responsible for demand and budget planning across the entire IT area.<\/p>\n<p><strong>Evaluation of New Technologies<\/strong>: You will assess new IT trends and technologies, which are rapidly evolving with AI, and demonstrate advantageous applications to management and specialised departments.<\/p>\n\t\t\t\t<\/div>\n\t\t\t<\/div>\n        <\/article>\n    <\/section>\n\n     <section class=\"img-info-col-2  \">\n\t\t<article>\n\t\t\t\t\t\t<div class=\"col-2\">\n\t\t\t\t\t            <div class=\"img\">\n                                            <img decoding=\"async\" src=\"https:\/\/wolfram.laborumgebung.de\/wp-content\/uploads\/2024\/04\/wolfram-industrie-karriere-job-bewerbung-2.jpg\" alt=\"Wolfram Industrie Karriere und Ausbildung\" \/>\n                                                    \t\t\t\t\t\n\t\t\t\t<\/div>\t\t\t\t\t\n            <\/div>\n\t\t\t<div class=\"col-2\">\n\t\t\t\t<div class=\"info\">\n\t\t\t\t\t<h2>Your Expertise<\/h2>\n<p>To responsibly fulfil such a demanding position, we assume that you, as an IT all-rounder, bring some of the following competencies and qualifications:<\/p>\n<p>Successfully completed <strong>studies<\/strong> in computer science, economics, engineering, or a comparable qualification.<\/p>\n<p>Several years of <strong>professional and leadership experience<\/strong> in the IT sector of an internationally manufacturing company.<\/p>\n<p>Solid <strong>knowledge<\/strong> in the SAP and Microsoft environment.<\/p>\n<p>Extensive <strong>methodological competence<\/strong> and comprehensive experience in project management.<\/p>\n<p>Good understanding of the <strong>economic interrelationships<\/strong> of a medium-sized company.<\/p>\n<p>Strong communication skills, <strong>team spirit<\/strong>, assertiveness, and overall a confident demeanour.<\/p>\n<p>Very good German and <strong>business fluent English skills<\/strong>.<\/p>\n\t\t\t\t<\/div>\n\t\t\t<\/div>\n        <\/article>\n    <\/section>\n\n     <section class=\"img-info-col-2 bg-grey \">\n\t\t<article>\n\t\t\t\t\t\t<h2>&#8220;Our future as an innovator for tungsten-products depends on stable IT systems and efficient processes \u2013 as an IT Specialist, you ensure that our position as a market leader remains justified.&#8221;\t<\/h2>\n\t\t\t\t\t\t<div class=\"col-2\">\n\t\t\t\t\t            <div class=\"img\">\n                                                    \t\t\t\t\t\n\t\t\t\t<\/div>\t\t\t\t\t\n            <\/div>\n\t\t\t<div class=\"col-2\">\n\t\t\t\t<div class=\"info\">\n\t\t\t\t\t\t\t\t\t<\/div>\n\t\t\t<\/div>\n        <\/article>\n    <\/section>\n\n     <section class=\"img-info-col-2  \">\n\t\t<article>\n\t\t\t\t\t\t<div class=\"col-2\">\n\t\t\t\t\t            <div class=\"img\">\n                                            <img decoding=\"async\" src=\"https:\/\/wolfram.laborumgebung.de\/wp-content\/uploads\/2024\/04\/wolfram-industrie-karriere-job-bewerbung-1.jpg\" alt=\"Wolfram Industrie Karriere und Ausbildung\" \/>\n                                                    \t\t\t\t\t\n\t\t\t\t<\/div>\t\t\t\t\t\n            <\/div>\n\t\t\t<div class=\"col-2\">\n\t\t\t\t<div class=\"info\">\n\t\t\t\t\t<h2>*Hybrid Working<\/h2>\n<p>Our locations that will benefit from your work:<\/p>\n<p>Gesellschaft f\u00fcr Wolfram Industrie mbH: Wolframstra\u00dfe 1 in Nu\u00dfdorf<br \/>\nBayerische Metallwerke GmbH: Leitenweg 5 in Dachau<\/p>\n<p>Remote work is possible. As an IT Specialist, we require your presence as needed and necessary directly on-site at both locations.<\/p>\n\t\t\t\t<\/div>\n\t\t\t<\/div>\n        <\/article>\n    <\/section>\n\n     <section class=\"img-info-col-2  \">\n\t\t<article>\n\t\t\t\t\t\t<div class=\"col-2\">\n\t\t\t\t\t            <div class=\"img\">\n                                                    \t\t\t\t\t\n\t\t\t\t<\/div>\t\t\t\t\t\n            <\/div>\n\t\t\t<div class=\"col-2\">\n\t\t\t\t<div class=\"info\">\n\t\t\t\t\t<h2>Your Benefits<\/h2>\n<p><strong>Secure Employment:<\/strong> 120 years of company history and market leadership in the international market testify to future-secured work at Wolfram Industrie.<\/p>\n<p><strong>Personal Development:<\/strong> We provide a varied work environment and offer room for personal growth.<\/p>\n<p><strong>Focus on Innovation:<\/strong> We support your ideas and foster developments in the technological environment, especially in the AI field.<\/p>\n<p><strong>Flat Hierarchies:<\/strong> We value quick decisions and processes that promote direct communication.<\/p>\n<p><strong>Flexible Workplace:<\/strong> Set up your workspace so that you can best support both locations.<\/p>\n<p><strong>Additional Benefits:<\/strong> We offer comprehensive health services, mobility subsidies, and many other perks. Some examples: EGYM Wellpass, JobRad (Bicycle), Private Health Insurance, subsidies for childcare and retirement plans.<\/p>\n\t\t\t\t<\/div>\n\t\t\t<\/div>\n        <\/article>\n    <\/section>\n\n     <section class=\"img-info-col-2  \">\n\t\t<article>\n\t\t\t\t\t\t<div class=\"col-2\">\n\t\t\t\t\t            <div class=\"img\">\n                                            <img decoding=\"async\" src=\"https:\/\/wolfram.laborumgebung.de\/wp-content\/uploads\/2024\/04\/Maehrlein_Wolfram_Industrie___2023_08_027467-scaled-e1713428501869.jpg\" alt=\"Wolfram Industrie Stephanie M\u00e4hrlein\" \/>\n                                                    \t\t\t\t\t\n\t\t\t\t<\/div>\t\t\t\t\t\n            <\/div>\n\t\t\t<div class=\"col-2\">\n\t\t\t\t<div class=\"info\">\n\t\t\t\t\t<h2>Does this sound like you?<\/h2>\n<p>Great! Apply now via our online form or ask our HR consultant Stephanie M\u00e4hrlein your questions. Just call Steffi at at +49 (0)8669 7899110 or send her an <a href=\"mailto:maehrlein@wolfram-industrie.de\">email<\/a>.<\/p>\n\t\t\t\t<\/div>\n\t\t\t<\/div>\n        <\/article>\n    <\/section>\n\n\n\n\n        <section class=\"text-info-col-2 intro bg-grey\">\n\t\t\t<article>\t\t\t\t\n\t\t\t\t\t  \t\t<div class=\"col-8 fullwidth\">\n\t\t\t\t\t<div class=\"produkt-text\">\n\t\t\t\t\t\t<h2>Please fill out the form below.<\/h2>\n\n<div class=\"wpcf7 no-js\" id=\"wpcf7-f4789-o1\" lang=\"en-US\" dir=\"ltr\" data-wpcf7-id=\"4789\">\n<div class=\"screen-reader-response\"><p role=\"status\" aria-live=\"polite\" aria-atomic=\"true\"><\/p> <ul><\/ul><\/div>\n<form action=\"\/en\/wp-json\/wp\/v2\/pages\/6171#wpcf7-f4789-o1\" method=\"post\" class=\"wpcf7-form init wpcf7-acceptance-as-validation\" aria-label=\"Contact form\" enctype=\"multipart\/form-data\" novalidate=\"novalidate\" data-status=\"init\">\n<fieldset class=\"hidden-fields-container\"><input type=\"hidden\" name=\"_wpcf7\" value=\"4789\" \/><input type=\"hidden\" name=\"_wpcf7_version\" value=\"6.1.5\" \/><input type=\"hidden\" name=\"_wpcf7_locale\" value=\"en_US\" \/><input type=\"hidden\" name=\"_wpcf7_unit_tag\" value=\"wpcf7-f4789-o1\" \/><input type=\"hidden\" name=\"_wpcf7_container_post\" value=\"0\" \/><input type=\"hidden\" name=\"_wpcf7_posted_data_hash\" value=\"\" \/><input type=\"hidden\" name=\"_wpcf7dtx_version\" value=\"5.0.5\" \/>\n<\/fieldset>\n<p>Many thanks for your interest in our company.\n<\/p>\n<p>The information you provide will help us to process your application quickly!<br \/>\nYou can fill in the form quickly and easily.\n<\/p>\n<p><label>Application as*<\/label><span class=\"wpcf7-form-control-wrap stelle\" data-name=\"stelle\"><input type=\"text\" name=\"stelle\" class=\"wpcf7-form-control wpcf7-text wpcf7dtx wpcf7dtx-text\" aria-invalid=\"false\" required=\"required\" readonly=\"readonly\" value=\"IT Specialist (m\/f\/d)\"><\/span>\n<\/p>\n<p><label> Surname, name*<\/label><span class=\"wpcf7-form-control-wrap\" data-name=\"namen\"><input size=\"40\" maxlength=\"400\" class=\"wpcf7-form-control wpcf7-text wpcf7-validates-as-required\" aria-required=\"true\" aria-invalid=\"false\" value=\"\" type=\"text\" name=\"namen\" \/><\/span>\n<\/p>\n<p><label> Email address*<\/label><span class=\"wpcf7-form-control-wrap\" data-name=\"email\"><input size=\"40\" maxlength=\"400\" class=\"wpcf7-form-control wpcf7-email wpcf7-validates-as-required wpcf7-text wpcf7-validates-as-email\" aria-required=\"true\" aria-invalid=\"false\" value=\"\" type=\"email\" name=\"email\" \/><\/span>\n<\/p>\n<p><label> Message*<\/label><span class=\"wpcf7-form-control-wrap\" data-name=\"nachricht\"><textarea cols=\"40\" rows=\"10\" maxlength=\"2000\" class=\"wpcf7-form-control wpcf7-textarea wpcf7-validates-as-required\" aria-required=\"true\" aria-invalid=\"false\" name=\"nachricht\"><\/textarea><\/span>\n<\/p>\n<p><label> Upload cover letter<\/label><span class=\"wpcf7-form-control-wrap\" data-name=\"anschreiben\"><input size=\"40\" class=\"wpcf7-form-control wpcf7-file\" accept=\".pdf,.jpg,.jpeg,.png,.doc,.docx\" aria-invalid=\"false\" type=\"file\" name=\"anschreiben\" \/><\/span>\n<\/p>\n<p><label> Upload resume*<\/label><span class=\"wpcf7-form-control-wrap\" data-name=\"lebenslauf\"><input size=\"40\" class=\"wpcf7-form-control wpcf7-file wpcf7-validates-as-required\" accept=\".pdf,.jpg,.jpeg,.png,.doc,.docx\" aria-required=\"true\" aria-invalid=\"false\" type=\"file\" name=\"lebenslauf\" \/><\/span>\n<\/p>\n<p><label> Upload certificates\/references<\/label><span class=\"wpcf7-form-control-wrap\" data-name=\"zeugnisse\"><input size=\"40\" class=\"wpcf7-form-control wpcf7-file\" accept=\".pdf,.jpg,.jpeg,.png,.doc,.docx\" aria-invalid=\"false\" type=\"file\" name=\"zeugnisse\" \/><\/span>\n<\/p>\n<p>Your data will be treated confidentially. It will not be passed on to third parties.\n<\/p>\n<p>Please note the max. upload size of 4MB per file.\n<\/p>\n<p>Security: Your data is transmitted by a secure encryption process (SSL) and cannot be read by third parties.\n<\/p>\n<p><span class=\"wpcf7-form-control-wrap\" data-name=\"acceptance-data\"><span class=\"wpcf7-form-control wpcf7-acceptance\"><span class=\"wpcf7-list-item\"><label><input type=\"checkbox\" name=\"acceptance-data\" value=\"1\" aria-invalid=\"false\" \/><span class=\"wpcf7-list-item-label\">I acknowledge the <a target='_blank' href='\/en\/privacy-policy\/'>data protection policy<\/a> of Gesellschaft f\u00fcr Wolfram Industrie mbH.<\/span><\/label><\/span><\/span><\/span>\n<\/p>\n<p><input class=\"wpcf7-form-control wpcf7-submit has-spinner send\" type=\"submit\" value=\"Send\" \/>\n<\/p>\n<div class=\"clear\">\n<\/div><div class=\"wpcf7-response-output\" aria-hidden=\"true\"><\/div>\n<\/form>\n<\/div>\n\n                    <\/div>\t\t\t\t\t\n\t\t\t\t<\/div>\t\n\t\t\t\t\t\t\t\n\t\t\t\t\n\t\t\t\t\t<\/article>\n\t\t<\/section>\n","protected":false},"excerpt":{"rendered":"","protected":false},"author":2,"featured_media":0,"parent":797,"menu_order":0,"comment_status":"closed","ping_status":"closed","template":"","meta":{"_acf_changed":false,"footnotes":""},"class_list":["post-6171","page","type-page","status-publish","hentry"],"acf":[],"_links":{"self":[{"href":"https:\/\/wolfram.laborumgebung.de\/en\/wp-json\/wp\/v2\/pages\/6171","targetHints":{"allow":["GET"]}}],"collection":[{"href":"https:\/\/wolfram.laborumgebung.de\/en\/wp-json\/wp\/v2\/pages"}],"about":[{"href":"https:\/\/wolfram.laborumgebung.de\/en\/wp-json\/wp\/v2\/types\/page"}],"author":[{"embeddable":true,"href":"https:\/\/wolfram.laborumgebung.de\/en\/wp-json\/wp\/v2\/users\/2"}],"replies":[{"embeddable":true,"href":"https:\/\/wolfram.laborumgebung.de\/en\/wp-json\/wp\/v2\/comments?post=6171"}],"version-history":[{"count":17,"href":"https:\/\/wolfram.laborumgebung.de\/en\/wp-json\/wp\/v2\/pages\/6171\/revisions"}],"predecessor-version":[{"id":6207,"href":"https:\/\/wolfram.laborumgebung.de\/en\/wp-json\/wp\/v2\/pages\/6171\/revisions\/6207"}],"up":[{"embeddable":true,"href":"https:\/\/wolfram.laborumgebung.de\/en\/wp-json\/wp\/v2\/pages\/797"}],"wp:attachment":[{"href":"https:\/\/wolfram.laborumgebung.de\/en\/wp-json\/wp\/v2\/media?parent=6171"}],"curies":[{"name":"wp","href":"https:\/\/api.w.org\/{rel}","templated":true}]}}