{"id":1192,"date":"2022-01-10T17:17:50","date_gmt":"2022-01-10T16:17:50","guid":{"rendered":"https:\/\/wolfram.laborumgebung.de\/products\/electrodes\/recycling-elektroden\/"},"modified":"2023-08-09T13:43:11","modified_gmt":"2023-08-09T11:43:11","slug":"recycling-electrodes","status":"publish","type":"page","link":"https:\/\/wolfram.laborumgebung.de\/en\/products\/electrodes\/recycling-electrodes\/","title":{"rendered":"Recycling electrodes"},"content":{"rendered":"\n    <section class=\"img-text-combi-produkt header  \" style=\"background-image: linear-gradient(rgba(0,0,0,0)), url('https:\/\/wolfram.laborumgebung.de\/wp-content\/uploads\/2022\/06\/wolfram_industrie_produkte_recycling_elektroden-1-scaled.jpg'); position: relative;\">\n\t\t<article>\n\t\t        \n\t\t\t <div class=\"rhombus bg-green\">\n\t\t\t\t<div class=\"inner-rhombus\">\n\t\t\t\t<\/div>\n\t\t\t<\/div>\n\t\t\t<div class=\"rhombus-hero\">\t\n\t\t\t\t<div class=\"hero anim anim-left\">\n\t\t\t\t\t<h1>Recycling electrodes<\/h1>\n\t\t\t\t\t<p>Welcome to our affordable range of offers with recycled electrodes<\/p>\n\t\t    \t<\/div>\t\t\t\n        \t<\/div>\n\t\t\n\t\t\t\t<\/article>\n    <\/section>\n\n\n\n<div class=\"breadcrumbs align bg-grey wp-block-bcn-breadcrumb-trail has-text-color has-background\" vocab=\"https:\/\/schema.org\/\" typeof=\"BreadcrumbList\">\n\t<span><\/span>\n\t<span property=\"itemListElement\" typeof=\"ListItem\"><a property=\"item\" typeof=\"WebPage\" title=\"Go to Service- und Qualit\u00e4tsmarktf\u00fchrer f\u00fcr Wolfram - More than just Tungsten.\" href=\"https:\/\/wolfram.laborumgebung.de\/en\/\" class=\"home\" aria-current=\"page\"><span property=\"name\">Service- und Qualit\u00e4tsmarktf\u00fchrer f\u00fcr Wolfram &#8211; More than just Tungsten<\/span><\/a><meta property=\"position\" content=\"1\"><\/span><\/div>\n\n\n\n\n\n        <section class=\"text-info-col-2 intro bg-grey\">\n\t\t\t<article>\t\t\t\t\n\t\t\t\t\t  \t\t<div class=\"col-8 fullwidth\">\n\t\t\t\t\t<div class=\"produkt-text\">\n\t\t\t\t\t\t<h2>All the functionality, precision and quality you expect<\/h2>\n<p><strong>5 advantages of recycling electrodes<\/strong>:<\/p>\n<ul>\n<li><strong>Cost savings<\/strong>: Recycling reduces your purchasing costs.<\/li>\n<li><strong>An eco-aware approach<\/strong>: We support companies to achieve a \u201cGreener Way Forward\u201d.<\/li>\n<li><strong>Boosting efficiency<\/strong>: Recycling or regrinding? We analyse the processes involved.<\/li>\n<li><strong>A motivational booster<\/strong>: \u201cEcology first\u201d \u2013 thanks to our tried and tested recycling system.<\/li>\n<li><strong>Practicality<\/strong>: A swifter and simpler way to recycle.<\/li>\n<\/ul>\n<p>When processing, the higher the component quality, the more crucial it becomes to use the right tools of the right quality. And never more so than for extensive industrial welding work. And it goes without saying that welding technicians need electrodes that are ultra-reliable and of uncompromising quality of their electrodes to meet the most stringent product standards.<\/p>\n<p>&nbsp;<\/p>\n                    <\/div>\t\t\t\t\t\n\t\t\t\t<\/div>\t\n\t\t\t\t\t\t\t\n\t\t\t\t\n\t\t\t\t\t<\/article>\n\t\t<\/section>\n\n\n\n\n\n        <section class=\"text-info-col-2 intro \">\n\t\t\t<article>\t\t\t\t\n\t\t\t\t\t\t\t<div class=\"col-5 headlineaside\">\n\t\t\t\t\t<h2>\n\t\t\t\t\t\t\t\t\t\t\t<\/h2>                   \t\t\t\t\n\t\t\t\t<\/div>\t\n\t\t  \t\t<div class=\"col-7\">\n\t\t\t\t\t<div class=\"produkt-text\">\n\t\t\t\t\t\t<img loading=\"lazy\" decoding=\"async\" class=\"alignnone wp-image-590 size-large\" src=\"https:\/\/wolfram.laborumgebung.de\/wp-content\/uploads\/2022\/01\/wolfram-industrie-dummy-3-xl-1024x555.jpg\" alt=\"\" width=\"1024\" height=\"555\" srcset=\"https:\/\/wolfram.laborumgebung.de\/wp-content\/uploads\/2022\/01\/wolfram-industrie-dummy-3-xl-1024x555.jpg 1024w, https:\/\/wolfram.laborumgebung.de\/wp-content\/uploads\/2022\/01\/wolfram-industrie-dummy-3-xl-300x163.jpg 300w, https:\/\/wolfram.laborumgebung.de\/wp-content\/uploads\/2022\/01\/wolfram-industrie-dummy-3-xl-768x416.jpg 768w, https:\/\/wolfram.laborumgebung.de\/wp-content\/uploads\/2022\/01\/wolfram-industrie-dummy-3-xl-1536x833.jpg 1536w, https:\/\/wolfram.laborumgebung.de\/wp-content\/uploads\/2022\/01\/wolfram-industrie-dummy-3-xl.jpg 1850w\" sizes=\"auto, (max-width: 1024px) 100vw, 1024px\" \/>\n                    <\/div>\t\t\t\t\t\n\t\t\t\t<\/div>\t\n\t\t\t\t\t\t\t\n\t\t\t\t\n\t\t\t\t\t<\/article>\n\t\t<\/section>\n\n\n\n\n\n        <section class=\"text-info-col-2 intro \">\n\t\t\t<article>\t\t\t\t\n\t\t\t\t\t  \t\t<div class=\"col-8 fullwidth\">\n\t\t\t\t\t<div class=\"produkt-text\">\n\t\t\t\t\t\t<h2>Advantages of Recycling Electrodes in Detail<\/h2>\n<p><strong>Advantage 1 \u2013 Cost savings<\/strong><br \/>\nRecycled electrodes will cut your expenses. We reimburse our customers between 5 and 10% of all costs when they return used electrodes to us instead of disposing of them. Do this in bulk and economies of scale will escalate your savings further!<\/p>\n<p><strong>Advantage 2 \u2013 Environmentally compatible<br \/>\n<\/strong>Our strategy and actions are part of an eco-aware approach that underpins all we do. Recycling isn&#8217;t just good for the environment &#8211; it can also save you money. Is your company certified according to DIN ISO 14001 for its environmental management? Or are you targeting it soon? Recycling your electrodes is a great \u201cGreen\u201d step along the way.<\/p>\n<p><strong>Advantage 3 \u2013 Efficiency boost<\/strong><br \/>\nWe offer customers a risk analysis to assess whether regrinding makes sense for the processes in use. Recycling electrodes can be a genuine alternative to regrinding for customers where the finest quality is non-negotiable.<\/p>\n<p><strong>Advantage 4 \u2013 Motivational boost<\/strong><br \/>\nOnce you have a good reason to recycle electrodes, the motivation to actually make it happen soars. And you can announce your eco-aware credentials even more effectively with a recycling process in place.<\/p>\n<p><strong>Advantage 5 \u2013 Practicality<\/strong><br \/>\nWe like the watchwords \u201cSwifter and Simpler\u201d. Into the box &#8211; out of the box &#8211; containment\/freedom: We make recycling the electrodes as easy as possible for companies.<\/p>\n<p><strong>Download: <\/strong><a href=\"\/wp-content\/uploads\/2023\/08\/wolfram-industrie-recycling-electrodes-en.pdf\" target=\"_blank\" rel=\"noopener\">Recycling Electrodes<\/a> (PDF)<\/p>\n                    <\/div>\t\t\t\t\t\n\t\t\t\t<\/div>\t\n\t\t\t\t\t\t\t\n\t\t\t\t\n\t\t\t\t\t<\/article>\n\t\t<\/section>\n\n\n\n\n\n        <section class=\"text-info-col-2 intro \">\n\t\t\t<article>\t\t\t\t\n\t\t\t\t\t\t\t<div class=\"col-8 fullwidth linklist grey\">\n\t\t\t\t\t                            <ul>\n                                                            <li>\n                                    <a href=\"https:\/\/wolfram.laborumgebung.de\/en\/products\/electrodes\/tig-welding-electrodes\/\">TIG welding electrodes<\/a>\n                                <\/li>\n                                                            <li>\n                                    <a href=\"https:\/\/wolfram.laborumgebung.de\/en\/products\/electrodes\/orbital-welding-electrodes\/\">Orbital welding electrodes (ORBISTAR\u00ae)<\/a>\n                                <\/li>\n                                                            <li>\n                                    <a href=\"https:\/\/wolfram.laborumgebung.de\/en\/products\/electrodes\/regrinding-service\/\">Regrinding service<\/a>\n                                <\/li>\n                                                            <li>\n                                    <a href=\"https:\/\/wolfram.laborumgebung.de\/en\/products\/electrodes\/resistance-welding-electrodes\/\">Resistance welding electrodes (TRICONSTANT\u00ae)<\/a>\n                                <\/li>\n                                                            <li>\n                                    <a href=\"https:\/\/wolfram.laborumgebung.de\/en\/products\/electrodes\/electrodes-for-electrical-discharge-machining\/\">Electrodes for electrical discharge machining<\/a>\n                                <\/li>\n                                                        <\/ul>                                            \n                         \n\t\t\t\t\t\t\t\t\t\t\t<\/div>\n\t\t\t\t\t\t\t\n\t\t\t\t\n\t\t\t\t\t<\/article>\n\t\t<\/section>\n\n\n\n        <section class=\"img-produkte-col-3\">\n\t\t\t<article class=\"produkt-kategorie\">\n\t\t\t\t<h2>More products<\/h2>\n\t\t\t<\/article>            \n            \n                    <article>\n                            <div class=\"col-3\">\n                    <div class=\"wrapper\">\n\n                        \n                            \n                            <img decoding=\"async\" src=\"https:\/\/wolfram.laborumgebung.de\/wp-content\/uploads\/2022\/06\/wolfram-industrie_Podukte_Halbzeuge.jpg\" \/>\n                            \n                            <div class=\"rhombus bg-green\"><\/div>\n                            <div class=\"inner-rhombus produkt-headline\">\n                                <h2>Semi-finished products<\/h2>\n                            <\/div>                                                        \n                           <a href=\"https:\/\/wolfram.laborumgebung.de\/en\/products\/semi-finished-products\/\"><\/a>         \n\n                    <\/div>\n                <\/div>    \n                            <div class=\"col-3\">\n                    <div class=\"wrapper\">\n\n                        \n                            \n                            <img decoding=\"async\" src=\"https:\/\/wolfram.laborumgebung.de\/wp-content\/uploads\/2022\/06\/wolfram-industrie_Podukte_Tungstitt.jpg\" \/>\n                            \n                            <div class=\"rhombus bg-green\"><\/div>\n                            <div class=\"inner-rhombus produkt-headline\">\n                                <h2>Tungstit<\/h2>\n                            <\/div>                                                        \n                           <a href=\"\/en\/products\/tungstit\/\"><\/a>         \n\n                    <\/div>\n                <\/div>    \n                            <div class=\"col-3\">\n                    <div class=\"wrapper\">\n\n                        \n                            \n                            <img decoding=\"async\" src=\"https:\/\/wolfram.laborumgebung.de\/wp-content\/uploads\/2023\/07\/Wolfram-Industrie_Produkt_Heizelemente-1.jpg\" \/>\n                            \n                            <div class=\"rhombus bg-green\"><\/div>\n                            <div class=\"inner-rhombus produkt-headline\">\n                                <h2>Heating elements<\/h2>\n                            <\/div>                                                        \n                           <a href=\"https:\/\/wolfram.laborumgebung.de\/en\/products\/heating-elements\/\"><\/a>         \n\n                    <\/div>\n                <\/div>    \n                            <div class=\"col-3\">\n                    <div class=\"wrapper\">\n\n                        \n                            \n                            <img decoding=\"async\" src=\"https:\/\/wolfram.laborumgebung.de\/wp-content\/uploads\/2022\/06\/wolfram-industrie_Podukte_konstruktionsteile_3.jpg\" \/>\n                            \n                            <div class=\"rhombus bg-green\"><\/div>\n                            <div class=\"inner-rhombus produkt-headline\">\n                                <h2>Structural parts<\/h2>\n                            <\/div>                                                        \n                           <a href=\"\/en\/products\/structural-parts\/\"><\/a>         \n\n                    <\/div>\n                <\/div>    \n                            <div class=\"col-3\">\n                    <div class=\"wrapper\">\n\n                        \n                            \n                            <img decoding=\"async\" src=\"https:\/\/wolfram.laborumgebung.de\/wp-content\/uploads\/2022\/06\/wolfram-industrie_produkte_triamte_schwermetall.jpg\" \/>\n                            \n                            <div class=\"rhombus bg-green\"><\/div>\n                            <div class=\"inner-rhombus produkt-headline\">\n                                <h2>Triamet<\/h2>\n                            <\/div>                                                        \n                           <a href=\"\/en\/products\/triamet-heavy-metal\/\"><\/a>         \n\n                    <\/div>\n                <\/div>    \n                            <div class=\"col-3\">\n                    <div class=\"wrapper\">\n\n                        \n                            \n                            <img decoding=\"async\" src=\"https:\/\/wolfram.laborumgebung.de\/wp-content\/uploads\/2022\/06\/wolfram-industrie_werkstoffe_wolfram_granulat_dotimet.jpg\" \/>\n                            \n                            <div class=\"rhombus bg-green\"><\/div>\n                            <div class=\"inner-rhombus produkt-headline\">\n                                <h2>Dotimet<\/h2>\n                            <\/div>                                                        \n                           <a href=\"https:\/\/wolfram.laborumgebung.de\/en\/products\/dotimet\/\"><\/a>         \n\n                    <\/div>\n                <\/div>    \n                        <\/article>\n                    \n\t\t\t                                   \t                \t\t\t\n\t\t<\/section>","protected":false},"excerpt":{"rendered":"","protected":false},"author":5,"featured_media":0,"parent":841,"menu_order":0,"comment_status":"closed","ping_status":"closed","template":"","meta":{"_acf_changed":false,"footnotes":""},"class_list":["post-1192","page","type-page","status-publish","hentry"],"acf":[],"_links":{"self":[{"href":"https:\/\/wolfram.laborumgebung.de\/en\/wp-json\/wp\/v2\/pages\/1192","targetHints":{"allow":["GET"]}}],"collection":[{"href":"https:\/\/wolfram.laborumgebung.de\/en\/wp-json\/wp\/v2\/pages"}],"about":[{"href":"https:\/\/wolfram.laborumgebung.de\/en\/wp-json\/wp\/v2\/types\/page"}],"author":[{"embeddable":true,"href":"https:\/\/wolfram.laborumgebung.de\/en\/wp-json\/wp\/v2\/users\/5"}],"replies":[{"embeddable":true,"href":"https:\/\/wolfram.laborumgebung.de\/en\/wp-json\/wp\/v2\/comments?post=1192"}],"version-history":[{"count":19,"href":"https:\/\/wolfram.laborumgebung.de\/en\/wp-json\/wp\/v2\/pages\/1192\/revisions"}],"predecessor-version":[{"id":5050,"href":"https:\/\/wolfram.laborumgebung.de\/en\/wp-json\/wp\/v2\/pages\/1192\/revisions\/5050"}],"up":[{"embeddable":true,"href":"https:\/\/wolfram.laborumgebung.de\/en\/wp-json\/wp\/v2\/pages\/841"}],"wp:attachment":[{"href":"https:\/\/wolfram.laborumgebung.de\/en\/wp-json\/wp\/v2\/media?parent=1192"}],"curies":[{"name":"wp","href":"https:\/\/api.w.org\/{rel}","templated":true}]}}