{"id":1122,"date":"2022-01-25T16:21:16","date_gmt":"2022-01-25T15:21:16","guid":{"rendered":"https:\/\/wolfram.laborumgebung.de\/company\/standorte\/"},"modified":"2025-01-21T11:43:43","modified_gmt":"2025-01-21T10:43:43","slug":"locations","status":"publish","type":"page","link":"https:\/\/wolfram.laborumgebung.de\/en\/company\/locations\/","title":{"rendered":"Locations"},"content":{"rendered":"\n    <section class=\"img-text-combi-produkt header  \" style=\"background-image: linear-gradient(rgba(0,0,0,0)), url('https:\/\/wolfram.laborumgebung.de\/wp-content\/uploads\/2023\/06\/wolfram-industrie-unternehmen-standorte.jpg'); position: relative;\">\n\t\t<article>\n\t\t        \n\t\t\t <div class=\"rhombus bg-green\">\n\t\t\t\t<div class=\"inner-rhombus\">\n\t\t\t\t<\/div>\n\t\t\t<\/div>\n\t\t\t<div class=\"rhombus-hero\">\t\n\t\t\t\t<div class=\"hero anim anim-left\">\n\t\t\t\t\t<h1>Three locations \u2013 one common company goal<\/h1>\n\t\t\t\t\t<p>Leading the market in quality, worldwide.<\/p>\n\t\t    \t<\/div>\t\t\t\n        \t<\/div>\n\t\t\n\t\t\t\t<\/article>\n    <\/section>\n\n\n\n<div class=\"breadcrumbs align  wp-block-bcn-breadcrumb-trail has-text-color has-background\" vocab=\"https:\/\/schema.org\/\" typeof=\"BreadcrumbList\">\n\t<span><\/span>\n\t<span property=\"itemListElement\" typeof=\"ListItem\"><a property=\"item\" typeof=\"WebPage\" title=\"Go to Service- und Qualit\u00e4tsmarktf\u00fchrer f\u00fcr Wolfram - More than just Tungsten.\" href=\"https:\/\/wolfram.laborumgebung.de\/en\/\" class=\"home\" aria-current=\"page\"><span property=\"name\">Service- und Qualit\u00e4tsmarktf\u00fchrer f\u00fcr Wolfram &#8211; More than just Tungsten<\/span><\/a><meta property=\"position\" content=\"1\"><\/span><\/div>\n\n\n\n\n\n        <section class=\"text-info-col-2 intro \">\n\t\t\t<article>\t\t\t\t\n\t\t\t\t\t  \t\t<div class=\"col-8 fullwidth\">\n\t\t\t\t\t<div class=\"produkt-text\">\n\t\t\t\t\t\t<h2>That&#8217;s the cornerstone of Wolfram Industrie<\/h2>\n<p>Wolfram Draht-Fabrik GmbH came into being in 1911 in Berlin, as a company producing and processing tungsten and molybdenum. The company was renamed Gesellschaft f\u00fcr Wolfram Industrie mbH in 1928 and relocated to Traunstein in 1943, where it was able to set up workrooms in an annex of the traditional Wochinger brewery.<\/p>\n<p>Company founder and grandfather of the current owner Marion Freifrau von Cetto laid the foundation stone of her own business premises at Permanederstra\u00dfe 34 in 1954. 20 years later, the current owner Marion Freifrau von Cetto took over the company from her mother and partner Helga Freifrau von Cetto.<br \/>\nWolfram Industrie office in Traunstein<\/p>\n                    <\/div>\t\t\t\t\t\n\t\t\t\t<\/div>\t\n\t\t\t\t\t\t\t\n\t\t\t\t\n\t\t\t\t\t<\/article>\n\t\t<\/section>\n\n\n     <section class=\"img-info-col-2  \">\n\t\t<article>\n\t\t\t\t\t\t<div class=\"col-2\">\n\t\t\t\t\t            <div class=\"img\">\n                                            <img decoding=\"async\" src=\"https:\/\/wolfram.laborumgebung.de\/wp-content\/uploads\/2023\/10\/wolfram-industrie-nussdorf-standort-sw.jpg\" alt=\"Wolfram Industrie Standort Nussdorf\" \/>\n                                                    \t\t\t\t\t\n\t\t\t\t<\/div>\t\t\t\t\t\n            <\/div>\n\t\t\t<div class=\"col-2\">\n\t\t\t\t<div class=\"info\">\n\t\t\t\t\t<h2>Wolfram Industrie office in Traunstein<\/h2>\n<p><strong>Gesellschaft f\u00fcr Wolfram Industrie mbH<\/strong><br \/>\nWolframstra\u00dfe 1<br \/>\n83365 Nu\u00dfdorf<br \/>\nGermany<\/p>\n<p><a href=\"https:\/\/goo.gl\/maps\/fYLVDw2omRTcak9U6\" target=\"_blank\" rel=\"noopener\">\u00bb Anfahrt via Google Maps<\/a><br \/>\n\u00bb GPS coordinates: 47.8978469, 12.6195956<\/p>\n<p>E-Mail: <a href=\"mailto:info@wolfram-industrie.de\">info@wolfram-industrie.de<\/a><br \/>\nTel. <a href=\"tel:+49866978990\">+49 (0) 8669 7899-0<\/a><br \/>\nFax +49 (0) 8669 7899-101<\/p>\n\t\t\t\t<\/div>\n\t\t\t<\/div>\n        <\/article>\n    <\/section>\n\n\n\n\n        <section class=\"text-info-col-2 intro \">\n\t\t\t<article>\t\t\t\t\n\t\t\t\t\t  \t\t<div class=\"col-8 fullwidth\">\n\t\t\t\t\t<div class=\"produkt-text\">\n\t\t\t\t\t\t<h2>Enlarging the production scope<\/h2>\n<p>With the purchase of Bayerische Metallwerke GmbH in Dachau in 1991, Wolfram Industrie considerably expanded its product range. Since then, we have been regarded as a reliable partner company for tungsten and molybdenum. We have become a globally trusted name, thanks to products with high-quality properties and our unique solutions and custom-made products for the industrial sector.<\/p>\n                    <\/div>\t\t\t\t\t\n\t\t\t\t<\/div>\t\n\t\t\t\t\t\t\t\n\t\t\t\t\n\t\t\t\t\t<\/article>\n\t\t<\/section>\n\n\n     <section class=\"img-info-col-2  \">\n\t\t<article>\n\t\t\t\t\t\t<div class=\"col-2\">\n\t\t\t\t\t            <div class=\"img\">\n                                            <img decoding=\"async\" src=\"https:\/\/wolfram.laborumgebung.de\/wp-content\/uploads\/2022\/01\/Wolfram_Industrie_Dachau.jpg\" alt=\"\" \/>\n                                                    \t\t\t\t\t\n\t\t\t\t<\/div>\t\t\t\t\t\n            <\/div>\n\t\t\t<div class=\"col-2\">\n\t\t\t\t<div class=\"info\">\n\t\t\t\t\t<h2>Wolfram Industrie office in Dachau<\/h2>\n<p><strong>Bayerische Metallwerke GmbH<\/strong><br \/>\nLeitenweg 5<br \/>\n85221 Dachau<br \/>\nGermany<\/p>\n<p><a href=\"https:\/\/goo.gl\/maps\/9bUYUPUjR5dUDXar9\" target=\"_blank\" rel=\"noopener\"> \u00bb Anfahrt via Google Maps<\/a><br \/>\n\u00bb GPS coordinates: 48.2737429, 11.4443958<\/p>\n<p>E-Mail: info@wolfram-industrie.de<br \/>\nTel. +49 (0) 8131 703-100<br \/>\nFax. +49 (0) 8131 703-102<\/p>\n\t\t\t\t<\/div>\n\t\t\t<\/div>\n        <\/article>\n    <\/section>\n\n\n\n\n        <section class=\"text-info-col-2 intro \">\n\t\t\t<article>\t\t\t\t\n\t\t\t\t\t  \t\t<div class=\"col-8 fullwidth\">\n\t\t\t\t\t<div class=\"produkt-text\">\n\t\t\t\t\t\t<h2>Research and production centre in Switzerland<\/h2>\n<p>In 2018, Wolfram Industrie opened another location in Winterthur. On one hand, we aim to enhance our proximity to our customers in Switzerland and intensify our local service for welding electrodes, measurement and erosion technology, and radiation shielding materials. On the other hand, the new location is set to focus on research and development in the field of application technology for arc processes.<\/p>\n<p>In Winterthur, we are launching new test series and pilot projects in the field of welding technology. These include planning ergonomic workplaces for tungsten processing, and developing safer and more efficient re-grinding procedures and welding processes. The more intensively we test innovative alloys and special electrode geometries, the greater the scope to minimise the wear of the tungsten electrode in use.<\/p>\n<p>We also offer a digitally trackable marking system for tungsten electrodes. This unique system to date supports process monitoring and is relevant for space technology to ensure high-quality weld seams for demanding applications under extreme conditions.<\/p>\n                    <\/div>\t\t\t\t\t\n\t\t\t\t<\/div>\t\n\t\t\t\t\t\t\t\n\t\t\t\t\n\t\t\t\t\t<\/article>\n\t\t<\/section>\n\n\n     <section class=\"img-info-col-2  \">\n\t\t<article>\n\t\t\t\t\t\t<div class=\"col-2\">\n\t\t\t\t\t            <div class=\"img\">\n                                            <img decoding=\"async\" src=\"https:\/\/wolfram.laborumgebung.de\/wp-content\/uploads\/2023\/08\/wis-standort-ch-sw-live.jpg\" alt=\"\" \/>\n                                                    \t\t\t\t\t\n\t\t\t\t<\/div>\t\t\t\t\t\n            <\/div>\n\t\t\t<div class=\"col-2\">\n\t\t\t\t<div class=\"info\">\n\t\t\t\t\t<h2>Research and production centre in Switzerland<\/h2>\n<p><strong>Wolfram Industrie GmbH<\/strong><br \/>\nKlosterstrasse 36<br \/>\n8406 Winterthur<br \/>\nSwitzerland<\/p>\n<p><a href=\"https:\/\/goo.gl\/maps\/WYUTHChGkoeewmea7\" target=\"_blank\" rel=\"noopener\"> \u00bb Anfahrt via Google Maps<\/a><br \/>\n\u00bb GPS coordinates: 47.4889778, 8.703454<\/p>\n<p>E-Mail: info@wolfram-industrie.com<br \/>\nTel. <a href=\"tel:0041525113316\">+41 52 511 33 16<\/a><\/p>\n\t\t\t\t<\/div>\n\t\t\t<\/div>\n        <\/article>\n    <\/section>","protected":false},"excerpt":{"rendered":"","protected":false},"author":5,"featured_media":0,"parent":785,"menu_order":0,"comment_status":"closed","ping_status":"closed","template":"","meta":{"_acf_changed":false,"footnotes":""},"class_list":["post-1122","page","type-page","status-publish","hentry"],"acf":[],"_links":{"self":[{"href":"https:\/\/wolfram.laborumgebung.de\/en\/wp-json\/wp\/v2\/pages\/1122","targetHints":{"allow":["GET"]}}],"collection":[{"href":"https:\/\/wolfram.laborumgebung.de\/en\/wp-json\/wp\/v2\/pages"}],"about":[{"href":"https:\/\/wolfram.laborumgebung.de\/en\/wp-json\/wp\/v2\/types\/page"}],"author":[{"embeddable":true,"href":"https:\/\/wolfram.laborumgebung.de\/en\/wp-json\/wp\/v2\/users\/5"}],"replies":[{"embeddable":true,"href":"https:\/\/wolfram.laborumgebung.de\/en\/wp-json\/wp\/v2\/comments?post=1122"}],"version-history":[{"count":22,"href":"https:\/\/wolfram.laborumgebung.de\/en\/wp-json\/wp\/v2\/pages\/1122\/revisions"}],"predecessor-version":[{"id":6443,"href":"https:\/\/wolfram.laborumgebung.de\/en\/wp-json\/wp\/v2\/pages\/1122\/revisions\/6443"}],"up":[{"embeddable":true,"href":"https:\/\/wolfram.laborumgebung.de\/en\/wp-json\/wp\/v2\/pages\/785"}],"wp:attachment":[{"href":"https:\/\/wolfram.laborumgebung.de\/en\/wp-json\/wp\/v2\/media?parent=1122"}],"curies":[{"name":"wp","href":"https:\/\/api.w.org\/{rel}","templated":true}]}}