{"id":1088,"date":"2021-12-02T11:16:21","date_gmt":"2021-12-02T10:16:21","guid":{"rendered":"https:\/\/wolfram.laborumgebung.de\/materials\/schwermetalle-auf-wolframbasis-mit-bindephase-triamet\/"},"modified":"2023-08-07T15:44:23","modified_gmt":"2023-08-07T13:44:23","slug":"triamet-heavy-metal","status":"publish","type":"page","link":"https:\/\/wolfram.laborumgebung.de\/en\/materials\/triamet-heavy-metal\/","title":{"rendered":"TRIAMET\u00ae heavy metal"},"content":{"rendered":"\n    <section class=\"img-text-combi-produkt header  \" style=\"background-image: linear-gradient(rgba(0,0,0,0)), url('https:\/\/wolfram.laborumgebung.de\/wp-content\/uploads\/2022\/01\/wolfram-industrie-triamet-01-e1467894064421.jpg'); position: relative;\">\n\t\t<article>\n\t\t        \n\t\t\t <div class=\"rhombus bg-green\">\n\t\t\t\t<div class=\"inner-rhombus\">\n\t\t\t\t<\/div>\n\t\t\t<\/div>\n\t\t\t<div class=\"rhombus-hero\">\t\n\t\t\t\t<div class=\"hero anim anim-left\">\n\t\t\t\t\t<h1>TRIAMET\u00ae heavy metal<br \/>\r\nTungsten-based heavy metal with a binder phase<\/h1>\n\t\t\t\t\t<p>We always get that little extra out of our tungsten-based composites.<\/p>\n\t\t    \t<\/div>\t\t\t\n        \t<\/div>\n\t\t\n\t\t\t\t<\/article>\n    <\/section>\n\n\n\n<div class=\"breadcrumbs align  wp-block-bcn-breadcrumb-trail has-text-color has-background\" vocab=\"https:\/\/schema.org\/\" typeof=\"BreadcrumbList\">\n\t<span><\/span>\n\t<span property=\"itemListElement\" typeof=\"ListItem\"><a property=\"item\" typeof=\"WebPage\" title=\"Go to Service- und Qualit\u00e4tsmarktf\u00fchrer f\u00fcr Wolfram - More than just Tungsten.\" href=\"https:\/\/wolfram.laborumgebung.de\/en\/\" class=\"home\" aria-current=\"page\"><span property=\"name\">Service- und Qualit\u00e4tsmarktf\u00fchrer f\u00fcr Wolfram &#8211; More than just Tungsten<\/span><\/a><meta property=\"position\" content=\"1\"><\/span><\/div>\n\n\n\n\n\n        <section class=\"text-info-col-2 intro \">\n\t\t\t<article>\t\t\t\t\n\t\t\t\t\t  \t\t<div class=\"col-8 fullwidth\">\n\t\t\t\t\t<div class=\"produkt-text\">\n\t\t\t\t\t\t<h2>Material composites &#8211; where properties and economic advantages come together<\/h2>\n<p>TRIAMET\u00ae Heavy metals &#8211; material-saving production in powder form<\/p>\n<p>All TRIAMET\u00ae heavy metals are tungsten-based composite materials with a metallic binder phase. This binder phase comprises a range of constituents depending on the TRIAMET\u00ae family and largely determines the mechanical properties.<\/p>\n<p>The main components of<br \/>\nTRIAMET\u00ae S: Tungsten, nickel and copper<br \/>\nTRIAMET\u00ae G: Tungsten, nickel and iron<\/p>\n<p>The density of our TRlAMET\u00ae materials is in the range of 13.9 to 18.9 g per cubic metre. The higher the binder phase proportion, the greater the ductility and elongation at break. Higher densities and strengths are produced with lower proportions.<\/p>\n                    <\/div>\t\t\t\t\t\n\t\t\t\t<\/div>\t\n\t\t\t\t\t\t\t\n\t\t\t\t\n\t\t\t\t\t<\/article>\n\t\t<\/section>\n\n\n\n\n\n        <section class=\"text-info-col-2 intro \">\n\t\t\t<article>\t\t\t\t\n\t\t\t\t\t\t\t<div class=\"col-5 headlineaside\">\n\t\t\t\t\t<h2>\n\t\t\t\t\t\tTriamet \u2013 properties\t\t\t\t\t<\/h2>                   \t\t\t\t\n\t\t\t\t<\/div>\t\n\t\t  \t\t<div class=\"col-7\">\n\t\t\t\t\t<div class=\"produkt-text\">\n\t\t\t\t\t\t<img loading=\"lazy\" decoding=\"async\" width=\"842\" height=\"473\" class=\"alignnone size-full wp-image-511\" src=\"https:\/\/wolfram.laborumgebung.de\/wp-content\/uploads\/2022\/01\/wolfram-industrie-triamet-g.png\" alt=\"Wolfram Industrie Triamet G\" srcset=\"https:\/\/wolfram.laborumgebung.de\/wp-content\/uploads\/2022\/01\/wolfram-industrie-triamet-g.png 842w, https:\/\/wolfram.laborumgebung.de\/wp-content\/uploads\/2022\/01\/wolfram-industrie-triamet-g-300x169.png 300w, https:\/\/wolfram.laborumgebung.de\/wp-content\/uploads\/2022\/01\/wolfram-industrie-triamet-g-768x431.png 768w\" sizes=\"auto, (max-width: 842px) 100vw, 842px\" \/>\n                    <\/div>\t\t\t\t\t\n\t\t\t\t<\/div>\t\n\t\t\t\t\t\t\t\n\t\t\t\t\n\t\t\t\t\t<\/article>\n\t\t<\/section>\n\n\n\n\n\n        <section class=\"text-info-col-2 intro \">\n\t\t\t<article>\t\t\t\t\n\t\t\t\t\t\t\t<div class=\"col-5 headlineaside\">\n\t\t\t\t\t<h2>\n\t\t\t\t\t\t\t\t\t\t\t<\/h2>                   \t\t\t\t\n\t\t\t\t<\/div>\t\n\t\t  \t\t<div class=\"col-7\">\n\t\t\t\t\t<div class=\"produkt-text\">\n\t\t\t\t\t\t<img loading=\"lazy\" decoding=\"async\" width=\"840\" height=\"470\" class=\"alignnone size-full wp-image-510\" src=\"https:\/\/wolfram.laborumgebung.de\/wp-content\/uploads\/2022\/01\/wolfram-industrie-triamet-g2.png\" alt=\"Wolfram Industrie Triamet G2\" srcset=\"https:\/\/wolfram.laborumgebung.de\/wp-content\/uploads\/2022\/01\/wolfram-industrie-triamet-g2.png 840w, https:\/\/wolfram.laborumgebung.de\/wp-content\/uploads\/2022\/01\/wolfram-industrie-triamet-g2-300x168.png 300w, https:\/\/wolfram.laborumgebung.de\/wp-content\/uploads\/2022\/01\/wolfram-industrie-triamet-g2-768x430.png 768w\" sizes=\"auto, (max-width: 840px) 100vw, 840px\" \/>\n                    <\/div>\t\t\t\t\t\n\t\t\t\t<\/div>\t\n\t\t\t\t\t\t\t\n\t\t\t\t\n\t\t\t\t\t<\/article>\n\t\t<\/section>\n\n\n\n\n\n        <section class=\"text-info-col-2 intro \">\n\t\t\t<article>\t\t\t\t\n\t\t\t\t\t\t\t<div class=\"col-5 headlineaside\">\n\t\t\t\t\t<h2>\n\t\t\t\t\t\tTriamet \u2013 processing\t\t\t\t\t<\/h2>                   \t\t\t\t\n\t\t\t\t<\/div>\t\n\t\t  \t\t<div class=\"col-7\">\n\t\t\t\t\t<div class=\"produkt-text\">\n\t\t\t\t\t\t<p>Despite their high density, TRlAMET\u00ae materials are readily and affordably processable using common processing methods. In addition to good machinability, powder metallurgy production conserves material.<\/p>\n                    <\/div>\t\t\t\t\t\n\t\t\t\t<\/div>\t\n\t\t\t\t\t\t\t\n\t\t\t\t\n\t\t\t\t\t<\/article>\n\t\t<\/section>\n\n\n\n\n\n        <section class=\"text-info-col-2 intro \">\n\t\t\t<article>\t\t\t\t\n\t\t\t\t\t\t\t<div class=\"col-5 headlineaside\">\n\t\t\t\t\t<h2>\n\t\t\t\t\t\tTriamet \u2013 applications\t\t\t\t\t<\/h2>                   \t\t\t\t\n\t\t\t\t<\/div>\t\n\t\t  \t\t<div class=\"col-7\">\n\t\t\t\t\t<div class=\"produkt-text\">\n\t\t\t\t\t\t<p>The excellent vibration damping properties are based on the high modulus of elasticity and the microstructure. Add to that effective heat resistance and a low coefficient of thermal expansion. This paves the way for numerous applications, like tools for hot forming and joining technology.<\/p>\n<p>TRIAMET\u00ae heavy metals can also be used specifically to protect against radiation, given their high propensity to absorb high-energy electromagnetic radiation.<\/p>\n<p>With TRIAMET\u00ae A, we developed a high-performance material especially for light metal casting, making problems with dimensional stability, fire cracks and adhesion a thing of the past.<\/p>\n                    <\/div>\t\t\t\t\t\n\t\t\t\t<\/div>\t\n\t\t\t\t\t\t\t\n\t\t\t\t\n\t\t\t\t\t<\/article>\n\t\t<\/section>\n\n\n\n        <section class=\"img-produkte-col-3\">\n\t\t\t<article class=\"produkt-kategorie\">\n\t\t\t\t<h2>More materials<\/h2>\n\t\t\t<\/article>            \n            \n                    <article>\n                            <div class=\"col-3\">\n                    <div class=\"wrapper\">\n\n                        \n                            \n                            <img decoding=\"async\" src=\"https:\/\/wolfram.laborumgebung.de\/wp-content\/uploads\/2023\/07\/Wolfram-Industrie_Werkstoffe_Wolframlegierungen-1.jpg\" \/>\n                            \n                            <div class=\"rhombus bg-green\"><\/div>\n                            <div class=\"inner-rhombus produkt-headline\">\n                                <h2>Tungsten and tungsten alloys<\/h2>\n                            <\/div>                                                        \n                           <a href=\"https:\/\/wolfram.laborumgebung.de\/en\/materials\/tungsten-and-tungsten-alloys\/\"><\/a>         \n\n                    <\/div>\n                <\/div>    \n                            <div class=\"col-3\">\n                    <div class=\"wrapper\">\n\n                        \n                            \n                            <img decoding=\"async\" src=\"https:\/\/wolfram.laborumgebung.de\/wp-content\/uploads\/2023\/07\/Wolfram-Industrie_Werkstoffe_Molybdaenlegierungen.jpg\" \/>\n                            \n                            <div class=\"rhombus bg-green\"><\/div>\n                            <div class=\"inner-rhombus produkt-headline\">\n                                <h2>Molybdenum and molybdenum alloys<\/h2>\n                            <\/div>                                                        \n                           <a href=\"https:\/\/wolfram.laborumgebung.de\/en\/materials\/molybdaen-und-molybdaen-alloys\/\"><\/a>         \n\n                    <\/div>\n                <\/div>    \n                            <div class=\"col-3\">\n                    <div class=\"wrapper\">\n\n                        \n                            \n                            <img decoding=\"async\" src=\"https:\/\/wolfram.laborumgebung.de\/wp-content\/uploads\/2022\/06\/wolfram-industriewerkstoffe_wolfram_granulat_dotimet_3.jpg\" \/>\n                            \n                            <div class=\"rhombus bg-green\"><\/div>\n                            <div class=\"inner-rhombus produkt-headline\">\n                                <h2>DOTIMET\u00ae Tungsten granulate<\/h2>\n                            <\/div>                                                        \n                           <a href=\"https:\/\/wolfram.laborumgebung.de\/en\/materials\/dotimet-tungsten-granulate\/\"><\/a>         \n\n                    <\/div>\n                <\/div>    \n                            <div class=\"col-3\">\n                    <div class=\"wrapper\">\n\n                        \n                            \n                            <img decoding=\"async\" src=\"https:\/\/wolfram.laborumgebung.de\/wp-content\/uploads\/2022\/06\/wolfram-industrie_werkstoffe_Verbundwerkstoffe_Tungstit.jpg\" \/>\n                            \n                            <div class=\"rhombus bg-green\"><\/div>\n                            <div class=\"inner-rhombus produkt-headline\">\n                                <h2>Compounds (TUNGSTIT\u00ae)<\/h2>\n                            <\/div>                                                        \n                           <a href=\"https:\/\/wolfram.laborumgebung.de\/en\/materials\/tungstit-compounds\/\"><\/a>         \n\n                    <\/div>\n                <\/div>    \n                            <div class=\"col-3\">\n                    <div class=\"wrapper\">\n\n                        \n                            \n                            <img decoding=\"async\" src=\"https:\/\/wolfram.laborumgebung.de\/wp-content\/uploads\/2022\/06\/wolfram-industrie_werkstoffe_werkstoffverbunde_5.jpg\" \/>\n                            \n                            <div class=\"rhombus bg-green\"><\/div>\n                            <div class=\"inner-rhombus produkt-headline\">\n                                <h2>Composite Materials<\/h2>\n                            <\/div>                                                        \n                           <a href=\"\/en\/materials\/composite-materials\/\"><\/a>         \n\n                    <\/div>\n                <\/div>    \n                        <\/article>\n                    \n\t\t\t                                   \t                \t\t\t\n\t\t<\/section>","protected":false},"excerpt":{"rendered":"","protected":false},"author":5,"featured_media":0,"parent":855,"menu_order":6,"comment_status":"closed","ping_status":"closed","template":"","meta":{"_acf_changed":false,"footnotes":""},"class_list":["post-1088","page","type-page","status-publish","hentry"],"acf":[],"_links":{"self":[{"href":"https:\/\/wolfram.laborumgebung.de\/en\/wp-json\/wp\/v2\/pages\/1088","targetHints":{"allow":["GET"]}}],"collection":[{"href":"https:\/\/wolfram.laborumgebung.de\/en\/wp-json\/wp\/v2\/pages"}],"about":[{"href":"https:\/\/wolfram.laborumgebung.de\/en\/wp-json\/wp\/v2\/types\/page"}],"author":[{"embeddable":true,"href":"https:\/\/wolfram.laborumgebung.de\/en\/wp-json\/wp\/v2\/users\/5"}],"replies":[{"embeddable":true,"href":"https:\/\/wolfram.laborumgebung.de\/en\/wp-json\/wp\/v2\/comments?post=1088"}],"version-history":[{"count":12,"href":"https:\/\/wolfram.laborumgebung.de\/en\/wp-json\/wp\/v2\/pages\/1088\/revisions"}],"predecessor-version":[{"id":4953,"href":"https:\/\/wolfram.laborumgebung.de\/en\/wp-json\/wp\/v2\/pages\/1088\/revisions\/4953"}],"up":[{"embeddable":true,"href":"https:\/\/wolfram.laborumgebung.de\/en\/wp-json\/wp\/v2\/pages\/855"}],"wp:attachment":[{"href":"https:\/\/wolfram.laborumgebung.de\/en\/wp-json\/wp\/v2\/media?parent=1088"}],"curies":[{"name":"wp","href":"https:\/\/api.w.org\/{rel}","templated":true}]}}